{"id":2549,"date":"2025-07-23T07:33:04","date_gmt":"2025-07-23T04:33:04","guid":{"rendered":"https:\/\/www.comunabocsa.ro\/?page_id=2549"},"modified":"2025-07-23T07:50:13","modified_gmt":"2025-07-23T04:50:13","slug":"avertizor-de-integritate","status":"publish","type":"page","link":"https:\/\/www.comunabocsa.ro\/?page_id=2549","title":{"rendered":"Avertizor de integritate"},"content":{"rendered":"<div class=\"wpb-content-wrapper\"><p>[vc_row][vc_column][vc_message]<\/p>\n<h2><img decoding=\"async\" style=\"vertical-align: middle;\" src=\"https:\/\/img.icons8.com\/ios-filled\/24\/000000\/alarm.png\" alt=\"Alert\u0103\"><span style=\"color: #ff0000;\">Comuna Boc\u0219a opera\u021bionalizeaz\u0103 prin canalul extern de raportare pentru <\/span><span style=\"color: #ff0000;\">persoanele care efectueaz\u0103 raport\u0103ri conf<\/span><span style=\"color: #ff0000;\">orm Legii nr. 361 \/ 2022 <\/span><span style=\"color: #ff0000;\">privind protec\u021bia avertizorilor \u00een interes public. Astfel, persoanele <\/span><span style=\"color: #ff0000;\">care aleg s\u0103 se adreseze pe canalul extern al institu\u021biei pentru a <\/span><span style=\"color: #ff0000;\">raporta \u00eenc\u0103lc\u0103ri ale legii, o pot face prin transmiterea acestora la <\/span><span style=\"color: #ff0000;\">adresa de e-mail:<\/span><\/h2>\n<h2 style=\"text-align: center;\"><span style=\"color: #339966;\">avertizorbocsa@yahoo.com<\/span><\/h2>\n<p>[\/vc_message][\/vc_column][\/vc_row]<\/p>\n<\/div>","protected":false},"excerpt":{"rendered":"<p>[vc_row][vc_column][vc_message] Comuna Boc\u0219a opera\u021bionalizeaz\u0103 prin canalul extern de raportare pentru persoanele care efectueaz\u0103 raport\u0103ri conform Legii nr. 361 \/ 2022 privind protec\u021bia avertizorilor \u00een interes public. Astfel, persoanele care aleg&hellip;<\/p>\n","protected":false},"author":1,"featured_media":0,"parent":0,"menu_order":0,"comment_status":"closed","ping_status":"closed","template":"","meta":{"ngg_post_thumbnail":0,"footnotes":""},"class_list":["post-2549","page","type-page","status-publish","hentry"],"_links":{"self":[{"href":"https:\/\/www.comunabocsa.ro\/index.php?rest_route=\/wp\/v2\/pages\/2549","targetHints":{"allow":["GET"]}}],"collection":[{"href":"https:\/\/www.comunabocsa.ro\/index.php?rest_route=\/wp\/v2\/pages"}],"about":[{"href":"https:\/\/www.comunabocsa.ro\/index.php?rest_route=\/wp\/v2\/types\/page"}],"author":[{"embeddable":true,"href":"https:\/\/www.comunabocsa.ro\/index.php?rest_route=\/wp\/v2\/users\/1"}],"replies":[{"embeddable":true,"href":"https:\/\/www.comunabocsa.ro\/index.php?rest_route=%2Fwp%2Fv2%2Fcomments&post=2549"}],"version-history":[{"count":11,"href":"https:\/\/www.comunabocsa.ro\/index.php?rest_route=\/wp\/v2\/pages\/2549\/revisions"}],"predecessor-version":[{"id":2562,"href":"https:\/\/www.comunabocsa.ro\/index.php?rest_route=\/wp\/v2\/pages\/2549\/revisions\/2562"}],"wp:attachment":[{"href":"https:\/\/www.comunabocsa.ro\/index.php?rest_route=%2Fwp%2Fv2%2Fmedia&parent=2549"}],"curies":[{"name":"wp","href":"https:\/\/api.w.org\/{rel}","templated":true}]}}