{"id":2603,"date":"2025-11-28T13:29:51","date_gmt":"2025-11-28T11:29:51","guid":{"rendered":"https:\/\/www.comunabocsa.ro\/?page_id=2603"},"modified":"2025-11-28T13:52:41","modified_gmt":"2025-11-28T11:52:41","slug":"regulament-general-de-protectia-datelor","status":"publish","type":"page","link":"https:\/\/www.comunabocsa.ro\/?page_id=2603","title":{"rendered":"Regulament general de protec\u021bia datelor"},"content":{"rendered":"<p style=\"text-align: center;\"><strong>DATE CU CARACTER PERSONAL<\/strong><\/p>\n<p><strong>V\u0103 inform\u0103m c\u0103 este \u00een vigoare Regulamentul General privind Protec\u021bia Datelor (UE) 2016\/679 (prescurtat GDPR). Acest regulament v\u0103 prive\u0219te \u0219i pe dumneavoastr\u0103, deoarece aduce modific\u0103ri majore privind protec\u021bia datelor cu caracter personal, at\u00e2t pentru clien\u021bi c\u00e2t \u0219i pentru operatori, \u0219i totodat\u0103 v\u0103 ofer\u0103 mai multe drepturi \u00een acest domeniu.<\/strong><\/p>\n<p style=\"text-align: center;\"><strong>POLITICA DE CONFIDEN\u021aIALITATE<\/strong><\/p>\n<p>Scopul acestei Politici de confiden\u021bialitate este s\u0103 v\u0103 explice ce date culegem prin intermediul website-ului, de ce le culegem \u0219i ce facem cu ele. Aceste informa\u021bii sunt importante. Sper\u0103m c\u0103 le ve\u021bi citi cu aten\u021bie.<\/p>\n<p>Adresa site-ului web este: https:\/\/comunabocsa.ro<\/p>\n<ol>\n<li><strong> Colectarea de informa\u021bii<\/strong><\/li>\n<\/ol>\n<p>Primim \u00een mod automat \u0219i vom \u00eenregistra informa\u021bii de la computer-ul \u0219i browser-ul dumneavoastr\u0103, inclusiv adresa IP, software-ul \u0219i atributele hardware, precum \u0219i pagina solicitat\u0103.<\/p>\n<ol start=\"2\">\n<li><strong>Utilizarea de informa\u021bii<\/strong><\/li>\n<\/ol>\n<p>Oricare dintre informa\u021biile pe care le post\u0103m \u0219i colect\u0103m pot fi folosite pentru:<\/p>\n<ul>\n<li>respectarea unei obliga\u021bii legale, pentru \u00eendeplinirea unei sarcini care serve\u0219te unui interes public sau care rezult\u0103 din exercitarea autorit\u0103\u021bii publice cu care este investit operatorul;<\/li>\n<li>scopuri de arhivare \u00een interes public;<\/li>\n<li>scopuri statistice;<\/li>\n<li>constatarea, exercitarea sau ap\u0103rarea unui drept \u00een instan\u021b\u0103;<\/li>\n<li>\u00eembun\u0103t\u0103\u021birea site-ului nostru;<\/li>\n<\/ul>\n<ol start=\"3\">\n<li><strong> Durata de stocare a datelor<\/strong><\/li>\n<\/ol>\n<ul>\n<li>\u00een conformitate cu legisla\u021bia \u00een vigoare<\/li>\n<\/ul>\n<ol start=\"4\">\n<li><strong> Tipuri de informa\u021bii publicate<\/strong><\/li>\n<\/ol>\n<ul>\n<li>informa\u021bii de interes public<\/li>\n<\/ul>\n<ol start=\"5\">\n<li><strong>Dezv\u0103luirea p\u0103r\u021bilor ter\u021be<\/strong><\/li>\n<\/ol>\n<p>Institu\u021bia noastr\u0103 nu vinde, nu negociaz\u0103 sau nu transfer\u0103 c\u0103tre p\u0103r\u021bi din afar\u0103, informa\u021biile dumneavoastr\u0103 personale identificabile. Acest lucru nu include p\u0103r\u021bile ter\u021be de \u00eencredere, care ne asist\u0103 \u00een operarea site-ului nostru, at\u00e2ta timp c\u00e2t p\u0103r\u021bile sunt de acord s\u0103 p\u0103streze confiden\u021bialitatea acestor informa\u021bii. Totu\u0219i, putem divulga informa\u021biile cu caracter personal pe care le ob\u021binem de la dumneavoastr\u0103 c\u0103tre ter\u021bi pentru a respecta o hot\u0103r\u00e2re judec\u0103toreasc\u0103 definitiv\u0103 sau o alt\u0103 obliga\u021bie de acest fel sau \u00een cadrul unui schimb de informa\u021bii pentru protejarea \u00eempotriva fraudei, \u00een vederea ap\u0103r\u0103rii drepturilor sau bunurilor noastre.<\/p>\n<ol start=\"6\">\n<li><strong>Protejarea Informa\u021biilor<\/strong><\/li>\n<\/ol>\n<p>Vom pune \u00een aplicare o varietate de m\u0103suri de securitate pentru a men\u021bine siguran\u021ba informa\u021biilor tale personale. Folosim criptarea prin certificat SSL. Ave\u021bi dreptul la rectificarea datelor.<\/p>\n<ol start=\"7\">\n<li><strong> Folosim cookie-uri?<\/strong><\/li>\n<\/ol>\n<p>Da. Cookie-urile \u00eembun\u0103t\u0103\u021besc accesul la site-ul nostru \u0219i identific\u0103 vizitarea repetat\u0103. Mai mult dec\u00e2t at\u00e2t, cookie-urile noastre sporesc experien\u021ba unui utilizator prin urm\u0103rirea \u0219i direc\u021bionarea \u00een func\u021bie de interesele lui\/ei. Aceast\u0103 utilizare de cookie-uri, cu toate acestea, nu este \u00een nici un fel legat\u0103 de orice informa\u021bie personal\u0103 de identificare de pe site-ul nostru.<\/p>\n<ol start=\"8\">\n<li><strong> Consim\u021b\u0103m\u00e2ntul<\/strong><\/li>\n<\/ol>\n<p>Pentru utilizarea site-ului nostru, va trebui s\u0103 fi\u021bi de acord cu politica noastr\u0103 de confiden\u021bialitate care este \u00een concordan\u021b\u0103 cu Regulamentul general privind protec\u021bia datelor nr. 679\/2016. V\u0103 pute\u021bi retrage consim\u021b\u0103m\u00e2ntul \u00een orice moment.<\/p>\n<p>Site-ul www.comunabocsa.ro, este creat pe platforma WordPress \u0219i g\u0103zduit \u00een Rom\u00e2nia de c\u0103tre PauloGepa Construct SRL.<\/p>\n<p><strong>Drepturile de care beneficia\u021bi \u00een raport cu procesarea datelor dumneavoastr\u0103 cu caracter personal sunt urm\u0103toarele:<\/strong><br \/>\n<strong>Dreptul de acces<\/strong>&nbsp;\u00eenseamn\u0103 dreptul de a ob\u021bine o confirmare din partea noastr\u0103 c\u0103 prelucr\u0103m sau nu datele dumneavoastr\u0103 cu caracter personal care v\u0103 privesc \u0219i, \u00een caz afirmativ, acces la datele respective \u0219i la informa\u021bii privind modalitatea \u00een care sunt prelucrate datele.<br \/>\n<strong>Dreptul la rectificare<\/strong>&nbsp;se refer\u0103 la corectarea, f\u0103r\u0103 \u00eent\u00e2rzieri nejustificate, a datelor cu caracter personal inexacte. Rectificarea va fi comunicat\u0103 fiec\u0103rui destinatar la care au fost transmise datele, cu excep\u021bia cazului \u00een care acest lucru se dovede\u0219te imposibil sau presupune eforturi dispropor\u021bionate.<br \/>\n<strong>Dreptul la&nbsp;opozi\u021bie<\/strong>&nbsp;vizeaz\u0103 dreptul de a v\u0103 opune prelucr\u0103rii datelor personale, f\u0103r\u0103 a aduce \u00eens\u0103 atingere obliga\u021biilor legale ce cad \u00een sarcina subscrisei.<br \/>\n<strong>Dreptul la restric\u021bionarea&nbsp;prelucr\u0103rii<\/strong>&nbsp;poate fi exercitat \u00een cazul \u00een care contesta\u021bi exactitatea datelor, pe o perioad\u0103 care ne permite verificarea corectitudinii datelor; prelucrarea este ilegal\u0103, iar persoana se opune \u0219tergerii datelor cu caracter personal, solicit\u00e2nd \u00een schimb restric\u021bionarea; \u00een cazul \u00een care subscrisa nu mai are nevoie de datele cu caracter personal \u00een scopul prelucr\u0103rii, dar persoana i le solicit\u0103 pentru constatarea, exercitarea sau ap\u0103rarea unui drept \u00een instan\u021b\u0103; \u00een cazul \u00een care persoana s-a opus prelucr\u0103rii pentru intervalul de timp \u00een care se verific\u0103 dac\u0103 drepturile legitime ale operatorului prevaleaz\u0103 asupra celor ale persoanei respective<br \/>\n<strong>Dreptul la portabilitatea datelor<\/strong>&nbsp;se refer\u0103 la dreptul de a primi datele personale \u00eentr-un anumit format structurat, utilizat \u00een mod curent \u0219i care poate fi citit automat \u0219i la dreptul ca aceste date s\u0103 fie transmise direct altui operator, dac\u0103 acest lucru este fezabil din punct de vedere tehnic, cu analizarea costurilor \u0219i riscurilor.<br \/>\n<strong>Dreptul la \u0219tergerea datelor (\u201edreptul de a fi uitat\u201d)<\/strong>&nbsp;\u00eenseamn\u0103 c\u0103 ave\u021bi dreptul de a solicita \u0219tergerea&nbsp; datelor&nbsp; cu caracter personal.<\/p>\n<p>Excep\u021bii:<\/p>\n<ul>\n<li>respectarea unei obliga\u021bii legale, pentru \u00eendeplinirea unei sarcini care serve\u0219te unui interes public sau care rezult\u0103 din exercitarea autorit\u0103\u021bii publice cu care este investit operatorul;<\/li>\n<li>\u00een scopuri de arhivare \u00een interes public;<\/li>\n<li>\u00een scopuri statistice;<\/li>\n<li>pentru constatarea, exercitarea sau ap\u0103rarea unui drept \u00een instan\u021b\u0103.<\/li>\n<\/ul>\n<p><strong>POLITICA DE COOKIE-URI<\/strong><\/p>\n<p>Pentru a asigura buna func\u021bionare a acestui site, uneori plas\u0103m \u00een computerul dumneavoastr\u0103 mici fi\u0219iere cu date, cunoscute sub numele de cookie-uri. Majoritatea site-urilor fac acest lucru pentru a oferi o experien\u021b\u0103 mai bun\u0103 de navigare.<\/p>\n<p><strong>Ce se \u00een\u021belege prin cookie-uri?<\/strong><\/p>\n<p>Cookie-ul este un fi\u015fier text de mici dimensiuni pe care un site \u00eel salveaz\u0103 \u00een calculatorul sau dispozitivul dumneavoastr\u0103 mobil atunci c\u00e2nd \u00eel vizita\u0163i. Datorit\u0103 cookie-urilor, site-ul re\u0163ine, pe o perioad\u0103 de timp, ac\u0163iunile \u015fi preferin\u0163ele dumneavoastr\u0103 (preferin\u021be accesibilitate, preferin\u021be cookie-uri, dimensiunea caracterelor \u015fi alte preferin\u0163e de afi\u015fare). Astfel nu mai trebuie s\u0103 le reintroduce\u0163i ori de c\u00e2te ori reveni\u0163i la site sau naviga\u0163i de pe o pagin\u0103 pe alta.<\/p>\n<p><strong>Cum se folosesc cookie-urile?<\/strong><\/p>\n<p>O parte dintre paginile noastre utilizeaz\u0103 cookie-urile pentru a re\u0163ine:<\/p>\n<ul>\n<li>preferin\u0163ele dumneavoastr\u0103 de afi\u015fare, cum ar fi contrastul, culoarea sau dimensiunea caracterelor;<\/li>\n<li>dac\u0103 a\u0163i acceptat (sau nu) utilizarea cookie-urilor pe site.<\/li>\n<\/ul>\n<p>Activarea cookie-urilor nu este strict necesar\u0103 pentru func\u0163ionarea site-ului, dar v\u0103 poate \u00eembun\u0103t\u0103\u0163i experien\u0163a de navigare. Pute\u0163i \u015fterge sau bloca cookie-urile \u00eens\u0103, dac\u0103 face\u0163i acest lucru, s-ar putea ca anumite caracteristici ale site-ului s\u0103 nu func\u0163ioneze corespunz\u0103tor.<\/p>\n<p>Informa\u0163iile asociate cookie-urilor nu sunt utilizate pentru a v\u0103 identifica personal. \u00cen plus, \u0163inem sub control datele referitoare la preferin\u0163ele dumneavoastr\u0103 de navigare. Cookie-urile nu sunt folosite \u00een alte scopuri dec\u00e2t cele descrise aici.<\/p>\n<p><strong>Cum pute\u0163i controla cookie-urile?<\/strong><\/p>\n<p>Pute\u0163i controla \u015fi\/sau \u015fterge cookie-urile dup\u0103 cum dori\u0163i \u2013 pentru detalii, consulta\u0163i site-ul&nbsp;<a href=\"https:\/\/aboutcookies.org\/\">aboutcookies.org<\/a>. Pute\u021bi \u0219terge toate cookie-urile din calculatorul dumneavoastr\u0103 \u0219i pute\u021bi seta majoritatea browserelor s\u0103 blocheze plasarea acestora. Dac\u0103 face\u0163i acest lucru, este posibil s\u0103 fi\u0163i nevoit s\u0103 seta\u0163i manual unele preferin\u0163e, de fiecare dat\u0103 c\u00e2nd vizita\u0163i site-ul. De asemenea, s-ar putea ca unele servicii sau op\u0163iuni s\u0103 nu func\u0163ioneze.<\/p>\n<p>Revizuire consim\u021b\u0103m\u00e2nt utilizare cookie-uri<\/p>\n<p style=\"text-align: center;\"><strong>TERMENI \u0218I CONDI\u021aII<\/strong><\/p>\n<p><strong>OBIECTUL \u0218I ACCEPTAREA TERMENILOR DE UTILIZARE<\/strong><\/p>\n<p>Accesul \u0219i utilizarea site-ului www.comunabocsa.ro (denumit \u00een continuare \u201csite\u201d) se face cu respectarea termenilor \u015fi condi\u0163iilor de mai jos.<\/p>\n<p>Termenii \u015fi condi\u0163iile pot fi modificate \u00een orice moment de c\u0103tre administratorul site-ului, denumit \u00een continuare \u201cAdministrator\u201d, f\u0103r\u0103 notificarea prealabil\u0103 a persoanelor care \u00eel utilizeaz\u0103, denumite \u00een continuare \u201cUtilizatori\u201d.<\/p>\n<p>Utilizatorii vor avea acces permanent la termenii \u015fi condi\u0163iile pentru utilizarea serviciilor, pentru a le putea consulta \u00een orice moment.<\/p>\n<p>Acces\u00e2nd \u015fi navig\u00e2nd pe acest site, utilizatorii accept\u0103 implicit, termenii de utilizare descri\u015fi \u00een continuare.<\/p>\n<p>\u00cen cazul \u00een care nu sunt de acord cu termenii \u015fi condi\u0163iile impuse, utilizatorii trebuie s\u0103 \u00eenceteze accesarea acestui serviciu.<\/p>\n<p><strong>CONFIDEN\u021aIALITATE<\/strong><\/p>\n<p>Prin utilizarea Site-ului nostru, se consider\u0103 c\u0103 a\u021bi acceptat&nbsp;Politica noastr\u0103 de Confiden\u021bialitate. \u00cenainte de a ne oferi date cu caracter personal (inclusiv adresa de e-mail) prin intermediul Site-ului nostru vi se va solicita \u00een mod expres s\u0103 accepta\u021bi aceast\u0103 politic\u0103.<\/p>\n<p><strong>LIMITAREA R\u0102SPUNDERII<\/strong><\/p>\n<p>Prim\u0103ria comunei <em>Boc\u0219a<\/em>&nbsp;nu va fi r\u0103spunz\u0103toare pentru nici un fel de pagube directe, indirecte, accidentale, speciale, inclusiv, dar nu limitat la, pagube pentru pierderi de profit, bun\u0103voin\u021b\u0103, posibilit\u0103\u021bii de folosire, date sau alte pierderi intangibile sau incomensurabile rezult\u00e2nd din:<\/p>\n<ul>\n<li>utilizarea sau imposibilitatea utiliz\u0103rii informa\u021biilor site-ului;<\/li>\n<li>acces neautorizat la, sau deteriorarea transmisiilor sau datelor utilizatorului;<\/li>\n<li>declara\u021bii sau ac\u021biuni ale oric\u0103rei ter\u021be p\u0103r\u021bi asupra serviciilor site-ului;<\/li>\n<li>orice alt\u0103 problem\u0103 legat\u0103 de serviciile site-ului.<\/li>\n<\/ul>\n<p>Dac\u0103 se consider\u0103 c\u0103 orice material pus la dispozi\u021bie pe site, postat pe site de c\u0103tre ter\u021bi sau utilizatori, violeaz\u0103 drepturile de copyright sau orice alte drepturi, este necesar\u0103 semnalarea acestei situa\u021bii folosind&nbsp;<strong>pagina de contact<\/strong>&nbsp;a site-ului.<\/p>\n<p><strong>REGULI GENERALE<\/strong><\/p>\n<p>Administratorul site-ului declar\u0103 urm\u0103toarele:<\/p>\n<ul>\n<li>va depune toate eforturile rezonabile pentru realizarea scopului site-ului;<\/li>\n<li>va depune toate eforturile (din punct de vedere tehnic sau de alt\u0103 natur\u0103) pentru func\u0163ionarea \u00een bune condi\u0163ii a siteului;<\/li>\n<li>pe m\u0103sura apari\u0163iei unor situa\u0163ii noi de orice natur\u0103 ce impun acest lucru, Administratorul poate modifica condi\u0163iile \u015fi termenii de utilizare.<\/li>\n<\/ul>\n<p><strong>OBLIGA\u021aIILE UTILIZATORILOR<\/strong><\/p>\n<p>Site-ul nostru nu va fi \u00eentotdeauna disponibil \u0219i poate avea anumite erori. Acesta este furnizat pe principiul \u201ca\u0219a cum este\u201d si \u201ca\u0219a cum este disponibil\u201d, \u0219i \u00een m\u0103sura permis\u0103 de lege, f\u0103r\u0103 garant\u0103ri, condi\u021bii sau garan\u021bii de orice fel.<\/p>\n<p>Nu avem nici o obligatie de a actualiza informa\u021biile de pe Site-ul nostru, cu excep\u021bia cazului \u00een care se prevede altfel \u00een legisla\u021bia \u00een vigoare. Ne rezerv\u0103m dreptul de a modifica, edita, \u0219terge, suspenda sau \u00eentrerupe, temporar sau permanent, Site-ul nostru \u0219i\/sau informa\u021biile, materialele, produsele \u0219i\/sau serviciile disponibile prin acesta.<\/p>\n<p><strong>DISPONIBILITATE \u0218I DEFECTE<\/strong><\/p>\n<p>Utilizatorii vor accepta urm\u0103toarele condi\u021bii:<\/p>\n<ul>\n<li>s\u0103 nu publice, transmit\u0103 sau distribuie informa\u021bii care pot fi d\u0103un\u0103toare, obscene, def\u0103im\u0103toare sau ilegale;<\/li>\n<li>s\u0103 nu utilizeze acest site \u00eentr-un mod care poate duce la \u00eenc\u0103lcarea drepturilor altor site-uri;<\/li>\n<li>s\u0103 ob\u021bin\u0103 sau s\u0103 \u00eencerce s\u0103 ob\u021bin\u0103 acces neautorizat, indiferent de metod\u0103.<\/li>\n<\/ul>\n<p>Este interzis s\u0103 utiliza\u021bi site-ul \u00een scop publicitar sau pentru orice fel de cerere\/ofert\u0103 care are un caracter comercial.<\/p>\n<p>Utilizatorul este singura persoana responsabil\u0103 de eventualele distrugeri cauzate sistemelor de calcul sau re\u021belei de pe care acceseaz\u0103 site-ul sau de orice alte pierderi de date, care ar putea fi rezultatul desc\u0103rc\u0103rii de informa\u021bii \u0219i servicii din con\u021binutul site-ului.<\/p>\n<p>Ne rezerv\u0103m dreptul de a suspenda sau anula accesul \u0219i utilizarea acestui site dac\u0103 sunt \u00eenc\u0103lca\u021bi Termenii \u0219i condi\u021biile.<\/p>\n<p><strong>CONDI\u021aII DE FOLOSIRE A INFORMA\u021aIILOR DE PE SITE<\/strong><\/p>\n<p>Pute\u021bi prelua, citi sau imprima orice informa\u021bie de pe acest site, cu condi\u021bia s\u0103 reproduce\u021bi fiecare dintre adnot\u0103rile despre drepturile de autor sau alte adnot\u0103ri despre drepturile de proprietate con\u021binute \u00een orice informa\u021bie pe care o prelua\u021bi de pe site. Totu\u0219i, nu ave\u021bi dreptul de a distribui, modifica, transmite, refolosi, republica sau folosi con\u021binutul site-ului pentru scopuri publice sau comerciale, incluz\u00e2nd aici textul, imaginile, sunetul, video, f\u0103r\u0103 permisiunea scris\u0103 a Prim\u0103riei comunei <em>Boc\u0219a<\/em>.<\/p>\n<p>De asemenea, trebuie s\u0103 lua\u021bi la cuno\u0219tin\u021b\u0103 c\u0103 orice vede\u021bi sau citi\u021bi pe acest site are drepturi rezervate de copyright f\u0103r\u0103 o alt\u0103 notificare special\u0103.<\/p>\n<p><strong>LEGISLA\u021aIE<\/strong><\/p>\n<p>Drepturile \u0219i obliga\u021biile p\u0103r\u021bilor, impuse de prezentele termeni \u0219i condi\u021bii, precum \u0219i&nbsp;toate efectele juridice ce decurg din acestea vor fi interpretate \u0219i&nbsp;guvernate de legea rom\u00e2n\u0103 \u00een vigoare.<\/p>\n<p>&nbsp;<\/p>\n","protected":false},"excerpt":{"rendered":"<p>DATE CU CARACTER PERSONAL V\u0103 inform\u0103m c\u0103 este \u00een vigoare Regulamentul General privind Protec\u021bia Datelor (UE) 2016\/679 (prescurtat GDPR). Acest regulament v\u0103 prive\u0219te \u0219i pe dumneavoastr\u0103, deoarece aduce modific\u0103ri majore&hellip;<\/p>\n","protected":false},"author":1,"featured_media":0,"parent":0,"menu_order":0,"comment_status":"closed","ping_status":"closed","template":"","meta":{"ngg_post_thumbnail":0,"footnotes":""},"class_list":["post-2603","page","type-page","status-publish","hentry"],"_links":{"self":[{"href":"https:\/\/www.comunabocsa.ro\/index.php?rest_route=\/wp\/v2\/pages\/2603","targetHints":{"allow":["GET"]}}],"collection":[{"href":"https:\/\/www.comunabocsa.ro\/index.php?rest_route=\/wp\/v2\/pages"}],"about":[{"href":"https:\/\/www.comunabocsa.ro\/index.php?rest_route=\/wp\/v2\/types\/page"}],"author":[{"embeddable":true,"href":"https:\/\/www.comunabocsa.ro\/index.php?rest_route=\/wp\/v2\/users\/1"}],"replies":[{"embeddable":true,"href":"https:\/\/www.comunabocsa.ro\/index.php?rest_route=%2Fwp%2Fv2%2Fcomments&post=2603"}],"version-history":[{"count":8,"href":"https:\/\/www.comunabocsa.ro\/index.php?rest_route=\/wp\/v2\/pages\/2603\/revisions"}],"predecessor-version":[{"id":2613,"href":"https:\/\/www.comunabocsa.ro\/index.php?rest_route=\/wp\/v2\/pages\/2603\/revisions\/2613"}],"wp:attachment":[{"href":"https:\/\/www.comunabocsa.ro\/index.php?rest_route=%2Fwp%2Fv2%2Fmedia&parent=2603"}],"curies":[{"name":"wp","href":"https:\/\/api.w.org\/{rel}","templated":true}]}}