{"id":64,"date":"2012-11-27T21:25:25","date_gmt":"2012-11-27T19:25:25","guid":{"rendered":"http:\/\/www.comunabocsa.ro\/?page_id=64"},"modified":"2016-04-22T14:12:46","modified_gmt":"2016-04-22T11:12:46","slug":"bocsa","status":"publish","type":"page","link":"https:\/\/www.comunabocsa.ro\/?page_id=64","title":{"rendered":"Bocsa"},"content":{"rendered":"<p style=\"text-align: justify;\">Boc\u0219a este o localitate \u00een jude\u021bul S\u0103laj, Transilvania, Rom\u00e2nia, re\u0219edin\u021ba comunei Boc\u0219a. Localitatea este situat\u0103 la o distan\u021b\u0103 de 18 km fa\u021b\u0103 de municipiul Zal\u0103u. \u00cen Biserica greco-catolic\u0103 din Boc\u0219a se afl\u0103 mausoleul lui Simion B\u0103rnu\u021biu.<\/p>\n<p style=\"text-align: justify;\"><img decoding=\"async\" class=\"aligncenter\" src=\"http:\/\/upload.wikimedia.org\/wikipedia\/commons\/thumb\/a\/ad\/Greek_Catholic_Church_in_Boc%C5%9Fa_%28S%C4%83laj_County%2C_Romania%29.jpg\/227px-Greek_Catholic_Church_in_Boc%C5%9Fa_%28S%C4%83laj_County%2C_Romania%29.jpg\" alt=\"Biserica greco-catolic\u0103 din Boc\u0219a, unde se afl\u0103 mausoleul lui Simion B\u0103rnu\u021biu\" \/><br \/>\n\u00cen izvoarele documentare a\u0219ezarea este men\u021bionat\u0103 \u00een anul 1349 sub denumirea Villa Baxa, iar \u00een anul 1854 apare sub numele de Olah-Baksa sau Boc\u0219a Rom\u00e2n\u0103. &#8222;Locuitorii, \u00een mare parte nobili, au avut mult de suferit cu deosebire \u00eentre anii 1650-1700.&#8221;[3] \u00cen perioada 1660-1692, a f\u0103cut parte din Pa\u0219al\u00e2cul de la Oradea. \u00cen 1850, Boc\u0219a avea 903 locuitori, din care 897 greco-catolici, 4 evrei, un romano-catolic \u0219i un reformat. Potrivit recens\u0103m\u00e2ntului din 1857, satul avea 936 locuitori, to\u021bi fiind \u00eenregistra\u021bi ca greco-catolici.Localitate este situat\u0103 pe Valea Zal\u0103ului, la 18 km nord-vest de Zal\u0103u. Boc\u0219a este traversat\u0103 de Calea ferat\u0103 Carei\u2013Zal\u0103u \u0219i Drumul european E81.<\/p>\n<p style=\"text-align: justify;\">Boc\u0219a \u00een secolul XVIII (\u00een Ridicarea topografic\u0103 iozefin\u0103)<\/p>\n<p style=\"text-align: justify;\"><img decoding=\"async\" class=\"aligncenter\" src=\"http:\/\/upload.wikimedia.org\/wikipedia\/commons\/thumb\/e\/e3\/Boc%C5%9Fa_in_the_18th_century.jpg\/220px-Boc%C5%9Fa_in_the_18th_century.jpg\" alt=\"\" \/><br \/>\nSimion B\u0103rnu\u021biu a fost \u00eenmorm\u00e2ntat \u00een curtea bisericii de lemn din Boc\u0219a pe 3 iunie 1864, de 30 de preo\u021bi. Vicarul Silvaniei Alimpiu Barbulovici \u0219i-a petrecut ultimele luni de via\u021b\u0103 la fiul s\u0103u Simion Barboloviciu, preot la Boc\u0219a, \u0219i a fost \u00eenmorm\u00e2ntat \u00een aceea\u0219i curte a bisericii. Boc\u0219a a devenit un loc de pelerinaj. \u00cen 1927, Nicolae Iorga a depus o coroan\u0103 de flori la morm\u00e2ntul lui B\u0103rnu\u021biu. \u00cen 1948 r\u0103m\u0103\u0219i\u021bele lui B\u0103rnu\u021biu \u0219i Barbulovici au fost mutate \u00een interiorul mausoleului din Biserica greco-catolic\u0103 din Boc\u0219a. Primul bust al lui Simion B\u0103rnu\u021biu din Boc\u0219a, opera lui Horia Fl\u0103m\u00e2ndu, a fost dezvelit pe 24 septembrie 1967. \u00cen perioada 1965-2001, la Boc\u0219a s-au desfa\u0219urat serb\u0103ri c\u00e2mpene\u0219ti anuale dedicate lui Simion B\u0103rnu\u021biu.<br \/>\nPotrivit recens\u0103m\u00e2ntului din 1869, satul avea 968 locuitori, dintre care 946 greco-catolici, 21 evrei \u0219i un evanghelist. Odat\u0103 cu reforma administrativ\u0103 din 1876, Boc\u0219a devine o parte din Comitatul S\u0103laj. La recens\u0103m\u00e2ntul din 1880, satul avea 866 locuitori, dintre care 845 greco-catolici, 20 evrei \u0219i 1 reformat. Calea ferat\u0103 Carei\u2013Zal\u0103u, care trece prin Boc\u0219a, s-a inaugurat \u00een decembrie 1887. Potrivit recens\u0103m\u00e2ntului din 1890, satul avea 938 locuitori, dintre care 884 greco-catolici, 32 evrei, 21 reforma\u021bi \u0219i un reformat. La 1900, popula\u021bia satului a ajuns la 959 locuitori, din care 912 greco-catolici, 34 evrei, 12 reforma\u021bi \u0219i un romano-catolic.<br \/>\nCa reac\u021bie la legea liberal\u0103 a \u00eenv\u0103\u021b\u0103m\u00e2ntului din 1868 a lui J\u00f3zsef E\u00f6tv\u00f6s, responsabilii din Boc\u0219a s-au pronun\u021bat pentru men\u021binerea caracterului exclusiv confesional al \u0219colii. O nou\u0103 \u0219coal\u0103 confesional\u0103 greco-catolic\u0103 a fost construit\u0103 \u00een 1897. Potrivit Schi\u021bei monografice a S\u0103lajului din 1908, Boc\u0219a avea 206 gospod\u0103rii \u0219i 980 greco-catolici. \u00cenv\u0103\u021b\u0103torul calificat Emil Pocola avea un &#8222;salar de 740 cor. din care 100 cor. d\u0103 statul. Dintre 102 copii \u00eenscri\u0219i la \u0219coal\u0103 (56 baie\u021bi \u0219i 46 feti\u021be) \u0219tiu scrie \u0219i ceti 89 (50 baie\u021bi \u0219i 39 feti\u021be). \u00cen \u0219coala de repeti\u021biune [pentru elevii \u00eentre 12 \u0219i 15 ani] au fost \u00eenscri\u0219i 26 elevi. Dintre adul\u021bi \u0219tiu ceti \u0219i scrie rom\u00e2ne\u0219te 106 (65 b\u0103rba\u021bi \u0219i 41 femei), iar rom\u00e2ne\u0219te \u0219i ungure\u0219te abia 10. Hotarul comunei este de 2513 jug\u0103re, dintre cari 1643 sunt \u00een m\u00e2na rom\u00e2nilor. Pre\u021bul unui iug\u0103r este 400 cor. Vite cornute sunt peste 400. To\u021bi locuitorii se ocup\u0103 cu plug\u0103ritul. Aleg\u0103tori sunt 62, dintre cari 15 \u0219tiu ceti \u0219i scrie romane\u0219te, iar 2 rom\u00e2ne\u0219te \u0219i ungure\u0219te.&#8221;[4] La recens\u0103m\u00e2ntul din 1910, satul avea 1.057 locuitori, dintre care 1.001 greco-catolici, 37 evrei, 11 romano-catolici \u0219i 8 reforma\u021bi.<\/p>\n<p>Port tradi\u021bional din Boc\u0219a<\/p>\n<p style=\"text-align: justify;\"><img decoding=\"async\" class=\"aligncenter\" src=\"http:\/\/upload.wikimedia.org\/wikipedia\/commons\/thumb\/1\/1f\/Ioan_Cighi_%28September_17%2C_1853_%E2%80%93_June_11%2C_1940%29.jpg\/150px-Ioan_Cighi_%28September_17%2C_1853_%E2%80%93_June_11%2C_1940%29.jpg\" alt=\"\" \/><br \/>\nLa recens\u0103m\u00e2ntul din 1920 erau 1.050 locuitori. Ioan Margin \u0219i David Goldberg erau comercian\u021bi \u00een sat; Ioan Margin era \u0219i primar. Notar era Vasile Rob. Emil Pocola era \u00eenv\u0103\u021b\u0103tor, iar Simion Barboloviciu era preot paroh \u00een Boc\u0219a. Cel mai important proprietar de mo\u0219ii era Farg\u00f3 S\u00e1ndor, care avea 170 jug\u0103re). \u00cen perioada interbelic\u0103 a f\u0103cut parte din plasa Z\u0103lau, \u00een cadrul jude\u021bului S\u0103laj (interbelic). Cu ajutorul primit de la Comitetul Central de Construc\u021bii \u0218colare, un nou local \u0219colar (o sala si o locuinta) a fost terminat in 1927. La recens\u0103m\u00e2ntul din 1930, satul avea 1.154 locuitori, din care 1.145 greco-catolici, 8 evrei si un romano-catolic. Episcopul Valeriu Traian Fren\u021biu a sfin\u021bit Biserica greco-catolic\u0103 din Boc\u0219a pe 8 septembrie 1937, de Na\u0219terea Maicii Domnului.<br \/>\nPotrivit recens\u0103m\u00e2ntului din 1941, erau 1.305 locuitori, din care 1.266 greco-catolici, 14 romano-catolici, 13 reforma\u021bi, 11 evrei \u0219i un ortodox. Episcopul Iuliu Hossu a sfin\u021bit biserica din Boc\u0219a pe 24 octombrie 1943. Greco-catolicii din Boc\u0219a, care formau majoritatea locuitorilor satului p\u00e2n\u0103 \u00een 1948, au fost obliga\u021bi de regimul comunist s\u0103 renun\u021be la Biserica Greco-Catolic\u0103. Biserica greco-catolic\u0103 din Boc\u0219a a fost atribuit\u0103 de regimul comunist Bisericii ortodoxe, \u00een a c\u0103rei admninistrare s-a aflat timp de 62 ani; abia pe 4 iulie 2010, un sobor condus de Valer P\u0103r\u0103u a oficiat prima liturghie greco-catolic\u0103 in biseric\u0103 dup\u0103 62 de ani.[5]<br \/>\nDup\u0103 1950, face parte din Regiunea Cluj p\u00e2n\u0103 c\u00e2nd se re\u00eenfiin\u021beaz\u0103 jude\u021bul S\u0103laj \u00een 1968. Satul a fost electrificat la \u00eenceputul anilor 1960 iar colectivizarea a fost \u00eencheiat\u0103 \u00een 1962. \u0218coala nou\u0103 cu opt s\u0103li de clas\u0103 \u0219i dependin\u021be a fost construit\u0103 \u00een perioada 1974-1979. \u00cencep\u00e2nd cu anul 1983, aceast\u0103 institu\u021bie de \u00eenva\u021b\u0103mant se nume\u0219te \u0218coala &#8222;Simion B\u0103rnu\u021biu&#8221; din Boc\u0219a. \u00cen vara anului 1985, a fost \u00eenfiin\u021bat muzeul din Boc\u0219a (cu trei s\u0103li), amplasat \u00een fosta cl\u0103dire a prim\u0103riei construit\u0103 \u00een 1938. Tot atunci, \u00een fata muzeului, a fost dezvelit cel de-al doilea bust al lui Simion B\u0103rnu\u021biu din Boc\u0219a.[6]<br \/>\nColaboratorul semioficial al regimului Ceau\u0219escu, Iosif Constantin Dr\u0103gan, care a vizitat Boc\u0219a \u00een 1980, este mentorul \u00eenfiin\u021b\u0103rii &#8222;Clubului de la Boc\u0219a&#8221;. Ideologia Clubului prezidat de Ioan Pu\u0219ca\u0219 \u0219i avandu-i printre membrii activi pe primarul ora\u0219ului \u0218imleu Silvaniei Ioan Pop, secretarul Prim\u0103riei \u0218imleu ing. Vasile Popa, ziaristi din Zal\u0103u, \u0219efi de ferme agricole se afla la grani\u021ba dintre protocronism \u0219i na\u021bionalism, promovat\u0103 de regimul lui Nicolae Ceau\u0219escu.[7]<br \/>\nMonumentul eroilor din Boc\u0219a, c\u0103zu\u021bi \u00een cele dou\u0103 R\u0103zboaie Mondiale, a fost dezvelit la 29 iunie 2001.[8]<br \/>\n[modificare]Personalit\u0103\u021bi<\/p>\n<p style=\"text-align: justify;\">Simion B\u0103rnu\u021biu (1808-1864), istoric \u0219i filosof, unul din liderii revolu\u021biei transilv\u0103nene de la 1848-1849.<br \/>\nAlimpiu Barbulovici (1834-1914), vicar greco-catolic al S\u0103lajului<br \/>\nEmil Pocola, \u00eenv\u0103\u021b\u0103tor \u00een Boc\u0219a (1900-1924), revizor \u0219colar de control \u00een S\u0103laj \u0219i pre\u0219edinte Asocia\u021bia \u00cenv\u0103\u021b\u0103torilor din Jude\u021bul S\u0103laj<br \/>\nSimion Barboloviciu, preot \u00een Boc\u0219a \u00een prima jum\u0103tate a sec. XX, c\u00e2nd s-a construit Biserica greco-catolic\u0103 din Boc\u0219a.<\/p>\n<p style=\"text-align: justify;\">1.<a href=\"http:\/\/ro.wikipedia.org\/wiki\/Fi%C8%99ier:Turn_Bocsa.jpg\"><img loading=\"lazy\" decoding=\"async\" src=\"http:\/\/upload.wikimedia.org\/wikipedia\/ro\/thumb\/d\/d5\/Turn_Bocsa.jpg\/48px-Turn_Bocsa.jpg\" alt=\"\" width=\"48\" height=\"120\" \/><\/a>\u00a0 2. <img loading=\"lazy\" decoding=\"async\" src=\"http:\/\/upload.wikimedia.org\/wikipedia\/commons\/thumb\/d\/d4\/Vasile_Popi%C5%A3iu.jpg\/47px-Vasile_Popi%C5%A3iu.jpg\" alt=\"\" width=\"47\" height=\"120\" \/>\u00a03.<img decoding=\"async\" src=\"http:\/\/upload.wikimedia.org\/wikipedia\/commons\/thumb\/1\/1f\/Emil_Pocola_%28born_1_May_1879%29.jpg\/104px-Emil_Pocola_%28born_1_May_1879%29.jpg\" alt=\"\" \/>\u00a04 \u00a0<img loading=\"lazy\" decoding=\"async\" src=\"http:\/\/upload.wikimedia.org\/wikipedia\/commons\/thumb\/c\/ca\/Greek_Catolic_Church_in_Boc%C5%9Fa.jpg\/77px-Greek_Catolic_Church_in_Boc%C5%9Fa.jpg\" alt=\"\" width=\"77\" height=\"120\" \/>\u00a05. \u00a0<img loading=\"lazy\" decoding=\"async\" src=\"http:\/\/upload.wikimedia.org\/wikipedia\/commons\/thumb\/c\/cb\/The_Museum%2C_Boc%C5%9Fa%2C_S%C4%83laj.jpg\/120px-The_Museum%2C_Boc%C5%9Fa%2C_S%C4%83laj.jpg\" alt=\"\" width=\"120\" height=\"89\" \/><\/p>\n<p style=\"text-align: justify;\">1.<a title=\"Biserica de lemn din Boc\u0219a\" href=\"http:\/\/ro.wikipedia.org\/wiki\/Biserica_de_lemn_din_Boc%C8%99a\">Biserica de lemn din Boc\u0219a<\/a><\/p>\n<p style=\"text-align: justify;\">2.Vasile Popi\u021biu (1872-1946), primar \u00een Boc\u0219a \u00een perioada interbelica<\/p>\n<p style=\"text-align: justify;\">3.<a title=\"Emil Pocola\" href=\"http:\/\/ro.wikipedia.org\/wiki\/Emil_Pocola\">Emil Pocol<\/a>, \u00eenv\u0103\u021b\u0103torul din Boc\u0219a (1900-1924)<\/p>\n<p style=\"text-align: justify;\">4.<a title=\"Biserica greco-catolic\u0103 din Boc\u0219a\" href=\"http:\/\/ro.wikipedia.org\/wiki\/Biserica_greco-catolic%C4%83_din_Boc%C8%99a\">Biserica greco-catolic\u0103 din Boc\u0219a<\/a><\/p>\n<p style=\"text-align: justify;\">5.\u00a0Muzeul &#8222;S<a title=\"Simion B\u0103rnu\u021biu\" href=\"http:\/\/ro.wikipedia.org\/wiki\/Simion_B%C4%83rnu%C8%9Biu\">imion B\u0103rnu\u021biu<\/a>&#8221; din Boc\u0219a<\/p>\n","protected":false},"excerpt":{"rendered":"<p>Boc\u0219a este o localitate \u00een jude\u021bul S\u0103laj, Transilvania, Rom\u00e2nia, re\u0219edin\u021ba comunei Boc\u0219a. Localitatea este situat\u0103 la o distan\u021b\u0103 de 18 km fa\u021b\u0103 de municipiul Zal\u0103u. \u00cen Biserica greco-catolic\u0103 din Boc\u0219a&hellip;<\/p>\n","protected":false},"author":1,"featured_media":0,"parent":53,"menu_order":1,"comment_status":"closed","ping_status":"closed","template":"","meta":{"ngg_post_thumbnail":0,"footnotes":""},"class_list":["post-64","page","type-page","status-publish","hentry"],"_links":{"self":[{"href":"https:\/\/www.comunabocsa.ro\/index.php?rest_route=\/wp\/v2\/pages\/64","targetHints":{"allow":["GET"]}}],"collection":[{"href":"https:\/\/www.comunabocsa.ro\/index.php?rest_route=\/wp\/v2\/pages"}],"about":[{"href":"https:\/\/www.comunabocsa.ro\/index.php?rest_route=\/wp\/v2\/types\/page"}],"author":[{"embeddable":true,"href":"https:\/\/www.comunabocsa.ro\/index.php?rest_route=\/wp\/v2\/users\/1"}],"replies":[{"embeddable":true,"href":"https:\/\/www.comunabocsa.ro\/index.php?rest_route=%2Fwp%2Fv2%2Fcomments&post=64"}],"version-history":[{"count":7,"href":"https:\/\/www.comunabocsa.ro\/index.php?rest_route=\/wp\/v2\/pages\/64\/revisions"}],"predecessor-version":[{"id":541,"href":"https:\/\/www.comunabocsa.ro\/index.php?rest_route=\/wp\/v2\/pages\/64\/revisions\/541"}],"up":[{"embeddable":true,"href":"https:\/\/www.comunabocsa.ro\/index.php?rest_route=\/wp\/v2\/pages\/53"}],"wp:attachment":[{"href":"https:\/\/www.comunabocsa.ro\/index.php?rest_route=%2Fwp%2Fv2%2Fmedia&parent=64"}],"curies":[{"name":"wp","href":"https:\/\/api.w.org\/{rel}","templated":true}]}}