{"id":70,"date":"2012-11-27T21:27:25","date_gmt":"2012-11-27T19:27:25","guid":{"rendered":"http:\/\/www.comunabocsa.ro\/?page_id=70"},"modified":"2012-11-28T08:33:52","modified_gmt":"2012-11-28T06:33:52","slug":"borla","status":"publish","type":"page","link":"https:\/\/www.comunabocsa.ro\/?page_id=70","title":{"rendered":"Borla"},"content":{"rendered":"<p><strong>Borla<\/strong>\u00a0este un sat \u00een\u00a0<a title=\"Comuna Boc\u0219a, S\u0103laj\" href=\"http:\/\/ro.wikipedia.org\/wiki\/Comuna_Boc%C8%99a,_S%C4%83laj\">Comuna Boc\u0219a, S\u0103laj<\/a>,\u00a0<a title=\"Transilvania\" href=\"http:\/\/ro.wikipedia.org\/wiki\/Transilvania\">Transilvania<\/a>,\u00a0<a title=\"Rom\u00e2nia\" href=\"http:\/\/ro.wikipedia.org\/wiki\/Rom%C3%A2nia\">Rom\u00e2nia<\/a>. Vinul de Borla este bine cunoscut chiar si in afara regiunii.<\/p>\n<p><img decoding=\"async\" src=\"http:\/\/upload.wikimedia.org\/wikipedia\/commons\/thumb\/e\/e8\/Borla_Salaj.jpg\/290px-Borla_Salaj.jpg\" alt=\"Vedere panoramic\u0103 asupra satului, Biserica reformat\u0103 din Borla \u00een centru\" \/><\/p>\n<table cellspacing=\"0\">\n<tbody>\n<tr>\n<th colspan=\"2\">Coordonate:\u00a0<a title=\"Coordonate geografice\" href=\"http:\/\/ro.wikipedia.org\/wiki\/Coordonate_geografice\">Coordonate:<\/a>\u00a0<img decoding=\"async\" title=\"arat\u0103 loca\u021bia pe o hart\u0103 interactiv\u0103\" src=\"http:\/\/upload.wikimedia.org\/wikipedia\/commons\/thumb\/9\/9a\/Erioll_world.svg\/18px-Erioll_world.svg.png\" alt=\"\" \/><a href=\"http:\/\/toolserver.org\/~geohack\/geohack.php?pagename=Borla,_S%C4%83laj&amp;params=47_16_48_N_22_56_22_E_type:city&amp;language=ro\" rel=\"nofollow\">47\u00b016\u203248\u2033N\u00a022\u00b056\u203222\u2033E<\/a><a href=\"http:\/\/toolserver.org\/~geohack\/geohack.php?pagename=Borla,_S%C4%83laj&amp;params=47_16_48_N_22_56_22_E_type:city&amp;language=ro\" rel=\"nofollow\">47\u00b016\u203248\u2033N\u00a022\u00b056\u203222\u2033E<\/a><\/th>\n<\/tr>\n<tr>\n<td colspan=\"2\">\n<hr \/>\n<\/td>\n<\/tr>\n<tr>\n<th><a title=\"\u021a\u0103rile lumii\" href=\"http:\/\/ro.wikipedia.org\/wiki\/%C8%9A%C4%83rile_lumii\">\u021aar\u0103<\/a><\/th>\n<th><img loading=\"lazy\" decoding=\"async\" src=\"http:\/\/upload.wikimedia.org\/wikipedia\/commons\/thumb\/7\/73\/Flag_of_Romania.svg\/22px-Flag_of_Romania.svg.png\" alt=\"\" width=\"22\" height=\"15\" \/>\u00a0<a title=\"Rom\u00e2nia\" href=\"http:\/\/ro.wikipedia.org\/wiki\/Rom%C3%A2nia\">Rom\u00e2nia<\/a><\/th>\n<\/tr>\n<tr>\n<th><a title=\"Jude\u021bele Rom\u00e2niei\" href=\"http:\/\/ro.wikipedia.org\/wiki\/Jude%C8%9Bele_Rom%C3%A2niei\">Jude\u021b<\/a><\/th>\n<th><a href=\"http:\/\/ro.wikipedia.org\/wiki\/Fi%C8%99ier:Actual_Salaj_county_CoA.png\"><img loading=\"lazy\" decoding=\"async\" src=\"http:\/\/upload.wikimedia.org\/wikipedia\/commons\/thumb\/2\/29\/Actual_Salaj_county_CoA.png\/20px-Actual_Salaj_county_CoA.png\" alt=\"Actual Salaj county CoA.png\" width=\"20\" height=\"22\" \/><\/a>\u00a0<a title=\"Jude\u021bul S\u0103laj\" href=\"http:\/\/ro.wikipedia.org\/wiki\/Jude%C8%9Bul_S%C4%83laj\">S\u0103laj<\/a><\/th>\n<\/tr>\n<tr>\n<th><a title=\"Comunele Rom\u00e2niei\" href=\"http:\/\/ro.wikipedia.org\/wiki\/Comunele_Rom%C3%A2niei\">Comun\u0103<\/a><\/th>\n<th><a title=\"Comuna Boc\u0219a, S\u0103laj\" href=\"http:\/\/ro.wikipedia.org\/wiki\/Comuna_Boc%C8%99a,_S%C4%83laj\">Boc\u0219a<\/a><\/th>\n<\/tr>\n<tr>\n<th>Atestare documentar\u0103<\/th>\n<td><a title=\"1341\" href=\"http:\/\/ro.wikipedia.org\/wiki\/1341\">1341<\/a><\/td>\n<\/tr>\n<tr>\n<td colspan=\"2\">\n<hr \/>\n<\/td>\n<\/tr>\n<tr>\n<td><strong><a title=\"Altitudine\" href=\"http:\/\/ro.wikipedia.org\/wiki\/Altitudine\">Altitudine<\/a><\/strong><\/td>\n<td>187<sup id=\"cite_ref-1\"><a href=\"http:\/\/ro.wikipedia.org\/wiki\/Borla,_S%C4%83laj#cite_note-1\">[1]<\/a><\/sup>\u00a0<a title=\"Nivelul m\u0103rii\" href=\"http:\/\/ro.wikipedia.org\/wiki\/Nivelul_m%C4%83rii\">m.d.m.<\/a><\/td>\n<\/tr>\n<tr>\n<td colspan=\"2\">\n<hr \/>\n<\/td>\n<\/tr>\n<tr>\n<td colspan=\"2\"><strong>Popula\u021bie<\/strong>\u00a0(2002)<\/td>\n<\/tr>\n<tr>\n<th>\u00a0&#8211;\u00a0Total<\/th>\n<td>1,582 locuitori<\/td>\n<\/tr>\n<tr>\n<td colspan=\"2\">\n<hr \/>\n<\/td>\n<\/tr>\n<tr>\n<th><a title=\"Fus orar\" href=\"http:\/\/ro.wikipedia.org\/wiki\/Fus_orar\">Fus orar<\/a><\/th>\n<td><a title=\"Ora Europei de Est\" href=\"http:\/\/ro.wikipedia.org\/wiki\/Ora_Europei_de_Est\">EET<\/a>\u00a0(<a title=\"UTC+2\" href=\"http:\/\/ro.wikipedia.org\/wiki\/UTC%2B2\">UTC+2<\/a>)<\/td>\n<\/tr>\n<tr>\n<th>\u00a0&#8211;\u00a0Ora de var\u0103\u00a0(<a title=\"Ora de var\u0103\" href=\"http:\/\/ro.wikipedia.org\/wiki\/Ora_de_var%C4%83\">DST<\/a>)<\/th>\n<td><a title=\"EEST\" href=\"http:\/\/ro.wikipedia.org\/wiki\/EEST\">EEST<\/a>\u00a0(<a title=\"UTC+3\" href=\"http:\/\/ro.wikipedia.org\/wiki\/UTC%2B3\">UTC+3<\/a>)<\/td>\n<\/tr>\n<tr>\n<th><a title=\"Cod po\u0219tal\" href=\"http:\/\/ro.wikipedia.org\/wiki\/Cod_po%C8%99tal\">Cod po\u0219tal<\/a><\/th>\n<td>457046<\/td>\n<\/tr>\n<tr>\n<th>Prefix telefonic<\/th>\n<td><a title=\"Lista prefixelor telefonice (Rom\u00e2nia)\" href=\"http:\/\/ro.wikipedia.org\/wiki\/Lista_prefixelor_telefonice_(Rom%C3%A2nia)\">+40 x60<\/a><sup id=\"cite_ref-2\"><a href=\"http:\/\/ro.wikipedia.org\/wiki\/Borla,_S%C4%83laj#cite_note-2\">[2]<\/a><\/sup><\/td>\n<\/tr>\n<\/tbody>\n<\/table>\n","protected":false},"excerpt":{"rendered":"<p>Borla\u00a0este un sat \u00een\u00a0Comuna Boc\u0219a, S\u0103laj,\u00a0Transilvania,\u00a0Rom\u00e2nia. Vinul de Borla este bine cunoscut chiar si in afara regiunii. Coordonate:\u00a0Coordonate:\u00a047\u00b016\u203248\u2033N\u00a022\u00b056\u203222\u2033E47\u00b016\u203248\u2033N\u00a022\u00b056\u203222\u2033E \u021aar\u0103 \u00a0Rom\u00e2nia Jude\u021b \u00a0S\u0103laj Comun\u0103 Boc\u0219a Atestare documentar\u0103 1341 Altitudine 187[1]\u00a0m.d.m. Popula\u021bie\u00a0(2002)&hellip;<\/p>\n","protected":false},"author":1,"featured_media":0,"parent":53,"menu_order":4,"comment_status":"closed","ping_status":"closed","template":"","meta":{"ngg_post_thumbnail":0,"footnotes":""},"class_list":["post-70","page","type-page","status-publish","hentry"],"_links":{"self":[{"href":"https:\/\/www.comunabocsa.ro\/index.php?rest_route=\/wp\/v2\/pages\/70","targetHints":{"allow":["GET"]}}],"collection":[{"href":"https:\/\/www.comunabocsa.ro\/index.php?rest_route=\/wp\/v2\/pages"}],"about":[{"href":"https:\/\/www.comunabocsa.ro\/index.php?rest_route=\/wp\/v2\/types\/page"}],"author":[{"embeddable":true,"href":"https:\/\/www.comunabocsa.ro\/index.php?rest_route=\/wp\/v2\/users\/1"}],"replies":[{"embeddable":true,"href":"https:\/\/www.comunabocsa.ro\/index.php?rest_route=%2Fwp%2Fv2%2Fcomments&post=70"}],"version-history":[{"count":2,"href":"https:\/\/www.comunabocsa.ro\/index.php?rest_route=\/wp\/v2\/pages\/70\/revisions"}],"predecessor-version":[{"id":88,"href":"https:\/\/www.comunabocsa.ro\/index.php?rest_route=\/wp\/v2\/pages\/70\/revisions\/88"}],"up":[{"embeddable":true,"href":"https:\/\/www.comunabocsa.ro\/index.php?rest_route=\/wp\/v2\/pages\/53"}],"wp:attachment":[{"href":"https:\/\/www.comunabocsa.ro\/index.php?rest_route=%2Fwp%2Fv2%2Fmedia&parent=70"}],"curies":[{"name":"wp","href":"https:\/\/api.w.org\/{rel}","templated":true}]}}